{"id":6,"date":"2017-07-13T16:44:33","date_gmt":"2017-07-13T16:44:33","guid":{"rendered":"https:\/\/siit-golfo.com\/home\/?page_id=6"},"modified":"2020-06-15T11:45:48","modified_gmt":"2020-06-15T17:45:48","slug":"quienes-somos-2","status":"publish","type":"page","link":"https:\/\/siit-golfo.com\/home\/quienes-somos-2\/","title":{"rendered":"Qui\u00e9nes Somos"},"content":{"rendered":"<p><strong>Qui\u00e9nes Somos<\/strong><\/p>\n<p><b>Servicios Integrales e Innovaciones Tecnol\u00f3gicas del Golfo, S. de R.L. de C.V.<\/b>; inicia operaciones el a\u00f1o 2016, brindando a sus Clientes Productos y Servicios en sus dos l\u00edneas de negocios:<\/p>\n<p>&nbsp;<\/p>\n<h4><strong>SIIT &#8211; Divisi\u00f3n Marina<\/strong><\/h4>\n<p><img decoding=\"async\" loading=\"lazy\" class=\"wp-image-153 alignleft\" src=\"https:\/\/siit-golfo.com\/home\/wp-content\/uploads\/2016\/10\/division-01.jpg\" alt=\"\" width=\"181\" height=\"98\" srcset=\"https:\/\/siit-golfo.com\/home\/wp-content\/uploads\/2016\/10\/division-01.jpg 240w, https:\/\/siit-golfo.com\/home\/wp-content\/uploads\/2016\/10\/division-01-50x27.jpg 50w, https:\/\/siit-golfo.com\/home\/wp-content\/uploads\/2016\/10\/division-01-138x75.jpg 138w\" sizes=\"(max-width: 181px) 100vw, 181px\" \/>\u00a0Encargada de atender y proveer equipos marinos (motores fuera de borda, lanchas, refaccionamiento, aceites) y productos (pinturas, resinas, fibras, hilos, redes y art\u00edculos de pesca, etc.)<\/p>\n<p>&nbsp;<\/p>\n<p>&nbsp;<\/p>\n<p>&nbsp;<\/p>\n<h4><strong>SIIT -Divisi\u00f3n Industrial<\/strong><\/h4>\n<p><b><img decoding=\"async\" loading=\"lazy\" class=\"wp-image-154\" src=\"https:\/\/siit-golfo.com\/home\/wp-content\/uploads\/2016\/10\/division-02.jpg\" alt=\"\" width=\"200\" height=\"108\" srcset=\"https:\/\/siit-golfo.com\/home\/wp-content\/uploads\/2016\/10\/division-02.jpg 241w, https:\/\/siit-golfo.com\/home\/wp-content\/uploads\/2016\/10\/division-02-50x27.jpg 50w, https:\/\/siit-golfo.com\/home\/wp-content\/uploads\/2016\/10\/division-02-139x75.jpg 139w\" sizes=\"(max-width: 200px) 100vw, 200px\" \/>\u00a0 \u00a0 \u00a0 \u00a0 \u00a0 \u00a0 \u00a0<\/b>Encarga da de atender y brindar soluciones a las necesidades de la Industria en General.<\/p>\n<p>&nbsp;<\/p>\n<p>&nbsp;<\/p>\n<p>&nbsp;<\/p>\n","protected":false},"excerpt":{"rendered":"<p>Qui\u00e9nes Somos Servicios Integrales e Innovaciones Tecnol\u00f3gicas del Golfo, S. de R.L. de C.V.; inicia operaciones el a\u00f1o 2016, brindando a sus Clientes Productos y Servicios<span class=\"excerpt-hellip\"> [\u2026]<\/span><\/p>\n","protected":false},"author":1,"featured_media":0,"parent":0,"menu_order":0,"comment_status":"closed","ping_status":"closed","template":"","meta":[],"_links":{"self":[{"href":"https:\/\/siit-golfo.com\/home\/wp-json\/wp\/v2\/pages\/6"}],"collection":[{"href":"https:\/\/siit-golfo.com\/home\/wp-json\/wp\/v2\/pages"}],"about":[{"href":"https:\/\/siit-golfo.com\/home\/wp-json\/wp\/v2\/types\/page"}],"author":[{"embeddable":true,"href":"https:\/\/siit-golfo.com\/home\/wp-json\/wp\/v2\/users\/1"}],"replies":[{"embeddable":true,"href":"https:\/\/siit-golfo.com\/home\/wp-json\/wp\/v2\/comments?post=6"}],"version-history":[{"count":18,"href":"https:\/\/siit-golfo.com\/home\/wp-json\/wp\/v2\/pages\/6\/revisions"}],"predecessor-version":[{"id":299,"href":"https:\/\/siit-golfo.com\/home\/wp-json\/wp\/v2\/pages\/6\/revisions\/299"}],"wp:attachment":[{"href":"https:\/\/siit-golfo.com\/home\/wp-json\/wp\/v2\/media?parent=6"}],"curies":[{"name":"wp","href":"https:\/\/api.w.org\/{rel}","templated":true}]}}